{"id":266,"date":"2025-12-16T14:22:25","date_gmt":"2025-12-16T14:22:25","guid":{"rendered":"https:\/\/tierschutzbiel.ch\/web\/tiervermittlung\/lebensplatz-gesucht\/katzen\/"},"modified":"2026-05-05T11:38:39","modified_gmt":"2026-05-05T11:38:39","slug":"katzen","status":"publish","type":"page","link":"https:\/\/tierschutzbiel.ch\/web\/tiervermittlung\/katzen\/","title":{"rendered":"Katzen"},"content":{"rendered":"\n<p>Bei uns warten&nbsp;immer wieder viele&nbsp;Katzen, gross und klein, in vielen verschiedenen Farben auf ein neues Zuhause. Hier eine kleine Auswahl. Lernen Sie sie bei einem Besuch im Tierheim kennen!<\/p>\n\n\n\n<p>Der Verkaufspreis f\u00fcr junge Katzen betr\u00e4gt Fr. 210.-. Alle sind tier\u00e4rztlich kontrolliert, auf Leukose getestet, mindestens einmal geimpft, gechipt und gegen Parasiten behandelt.<\/p>\n\n\n\n<p>Erwachsene Katzen geben wir zum Preis von Fr. 260.- ab. Sie sind tier\u00e4rztlich kontrolliert, geimpft, gechipt, kastriert und gegen Parasiten behandelt.<\/p>\n\n\n\n<p><strong>Bei den hier abgebildeten Katzen handelt es sich um Beispielfotos.&nbsp;<\/strong><\/p>\n\n\n\n<p>Um unsere Arbeitsabl\u00e4ufe sinnvoll zu steuern, kann unser Tierheim nur mit Termin besucht werden. Wir bitten um telefonische Terminvereinbarung w\u00e4hrend der \u00d6ffnungszeiten.<\/p>\n\n\n\n<div class=\"wp-block-group bildertrio\"><div class=\"wp-block-group__inner-container is-layout-constrained wp-block-group-is-layout-constrained\">\n<figure class=\"wp-block-image size-large bild_gross\"><img loading=\"lazy\" decoding=\"async\" width=\"1024\" height=\"750\" src=\"https:\/\/tierschutzbiel.ch\/web\/wp-content\/uploads\/cat-2939516_1280-1024x750.jpg\" alt=\"\" class=\"wp-image-712\" style=\"aspect-ratio:3\/2;object-fit:cover\" srcset=\"https:\/\/tierschutzbiel.ch\/web\/wp-content\/uploads\/cat-2939516_1280-1024x750.jpg 1024w, https:\/\/tierschutzbiel.ch\/web\/wp-content\/uploads\/cat-2939516_1280-390x286.jpg 390w, https:\/\/tierschutzbiel.ch\/web\/wp-content\/uploads\/cat-2939516_1280-768x563.jpg 768w, https:\/\/tierschutzbiel.ch\/web\/wp-content\/uploads\/cat-2939516_1280.jpg 1088w\" sizes=\"auto, (max-width: 1024px) 100vw, 1024px\" \/><\/figure>\n\n\n\n<figure class=\"wp-block-image size-large bild_klein_1\"><img loading=\"lazy\" decoding=\"async\" width=\"1024\" height=\"682\" src=\"https:\/\/tierschutzbiel.ch\/web\/wp-content\/uploads\/cat-1692819_1280-1024x682.jpg\" alt=\"\" class=\"wp-image-713\" style=\"aspect-ratio:4\/3;object-fit:cover\" srcset=\"https:\/\/tierschutzbiel.ch\/web\/wp-content\/uploads\/cat-1692819_1280-1024x682.jpg 1024w, https:\/\/tierschutzbiel.ch\/web\/wp-content\/uploads\/cat-1692819_1280-390x260.jpg 390w, https:\/\/tierschutzbiel.ch\/web\/wp-content\/uploads\/cat-1692819_1280-768x512.jpg 768w, https:\/\/tierschutzbiel.ch\/web\/wp-content\/uploads\/cat-1692819_1280.jpg 1280w\" sizes=\"auto, (max-width: 1024px) 100vw, 1024px\" \/><\/figure>\n\n\n\n<figure class=\"wp-block-image size-large bild_klein_2\"><img loading=\"lazy\" decoding=\"async\" width=\"1024\" height=\"619\" src=\"https:\/\/tierschutzbiel.ch\/web\/wp-content\/uploads\/cat-2940137_1280-1024x619.jpg\" alt=\"\" class=\"wp-image-714\" style=\"aspect-ratio:4\/3;object-fit:cover\" srcset=\"https:\/\/tierschutzbiel.ch\/web\/wp-content\/uploads\/cat-2940137_1280-1024x619.jpg 1024w, https:\/\/tierschutzbiel.ch\/web\/wp-content\/uploads\/cat-2940137_1280-390x236.jpg 390w, https:\/\/tierschutzbiel.ch\/web\/wp-content\/uploads\/cat-2940137_1280-768x464.jpg 768w, https:\/\/tierschutzbiel.ch\/web\/wp-content\/uploads\/cat-2940137_1280.jpg 1280w\" sizes=\"auto, (max-width: 1024px) 100vw, 1024px\" \/><\/figure>\n<\/div><\/div>\n","protected":false},"excerpt":{"rendered":"<p>Bei uns warten&nbsp;immer wieder viele&nbsp;Katzen, gross und klein, in vielen verschiedenen Farben auf ein neues Zuhause. Hier eine kleine Auswahl. Lernen Sie sie bei einem Besuch im Tierheim kennen! Der Verkaufspreis f\u00fcr junge Katzen betr\u00e4gt Fr. 210.-. Alle sind tier\u00e4rztlich kontrolliert, auf Leukose getestet, mindestens einmal geimpft, gechipt und gegen Parasiten behandelt. Erwachsene Katzen geben [&hellip;]<\/p>\n","protected":false},"author":1,"featured_media":333,"parent":29,"menu_order":2,"comment_status":"closed","ping_status":"closed","template":"","meta":{"_acf_changed":false,"footnotes":""},"class_list":["post-266","page","type-page","status-publish","has-post-thumbnail","hentry"],"acf":[],"_links":{"self":[{"href":"https:\/\/tierschutzbiel.ch\/web\/wp-json\/wp\/v2\/pages\/266","targetHints":{"allow":["GET"]}}],"collection":[{"href":"https:\/\/tierschutzbiel.ch\/web\/wp-json\/wp\/v2\/pages"}],"about":[{"href":"https:\/\/tierschutzbiel.ch\/web\/wp-json\/wp\/v2\/types\/page"}],"author":[{"embeddable":true,"href":"https:\/\/tierschutzbiel.ch\/web\/wp-json\/wp\/v2\/users\/1"}],"replies":[{"embeddable":true,"href":"https:\/\/tierschutzbiel.ch\/web\/wp-json\/wp\/v2\/comments?post=266"}],"version-history":[{"count":6,"href":"https:\/\/tierschutzbiel.ch\/web\/wp-json\/wp\/v2\/pages\/266\/revisions"}],"predecessor-version":[{"id":721,"href":"https:\/\/tierschutzbiel.ch\/web\/wp-json\/wp\/v2\/pages\/266\/revisions\/721"}],"up":[{"embeddable":true,"href":"https:\/\/tierschutzbiel.ch\/web\/wp-json\/wp\/v2\/pages\/29"}],"wp:featuredmedia":[{"embeddable":true,"href":"https:\/\/tierschutzbiel.ch\/web\/wp-json\/wp\/v2\/media\/333"}],"wp:attachment":[{"href":"https:\/\/tierschutzbiel.ch\/web\/wp-json\/wp\/v2\/media?parent=266"}],"curies":[{"name":"wp","href":"https:\/\/api.w.org\/{rel}","templated":true}]}}