{"id":361,"date":"2025-12-16T14:22:25","date_gmt":"2025-12-16T14:22:25","guid":{"rendered":"https:\/\/tierschutzbiel.ch\/web\/placement\/paradis-recherches\/chats\/"},"modified":"2025-12-18T10:11:11","modified_gmt":"2025-12-18T10:11:11","slug":"chats","status":"publish","type":"page","link":"https:\/\/tierschutzbiel.ch\/web\/placement\/chats\/?lang=fr","title":{"rendered":"Chats"},"content":{"rendered":"\n<p>Un grand nombre de chats et chatons cherchent un nouveau logis et vous attendent au refuge Rosel.<\/p>\n\n\n\n<p>Nous vendons les jeunes chats pour Fr. 210.-. Ils sont tous contr\u00f4l\u00e9s par le v\u00e9t\u00e9rinaire, test\u00e9s contre la Leucose et vaccin\u00e9s au moins 1 fois. Ils ont une puce \u00e9lectronique et sont vermifug\u00e9s, ainsi que trait\u00e9s contre les parasites.<\/p>\n\n\n\n<p>Le prix de vente des chats adultes est de Fr. 260.- Eux aussi ont \u00e9t\u00e9 test\u00e9s contre la Leucose, vaccin\u00e9s au moins une fois, vermifug\u00e9s, trait\u00e9s contre les parasites et ont une puce \u00e9lectronique.<\/p>\n\n\n\n<p><strong>Les photographies des chats sur notre site ne sont que des exemples, ils ne sont pas \u00e0 adopter.<\/strong><\/p>\n\n\n\n<p>Afin de continuer \u00e0 g\u00e9rer notre quotidien de mani\u00e8re ad\u00e9quate, notre refuge ne peut \u00eatre visit\u00e9 que sur rendez-vous. Nous vous demandons donc de prendre rendez-vous durant nos heures d\u2019ouverture.<\/p>\n\n\n\n<div class=\"wp-block-group bildertrio\"><div class=\"wp-block-group__inner-container is-layout-constrained wp-block-group-is-layout-constrained\">\n<figure class=\"wp-block-image size-large bild_gross\"><img loading=\"lazy\" decoding=\"async\" width=\"1024\" height=\"750\" src=\"https:\/\/tierschutzbiel.ch\/web\/wp-content\/uploads\/cat-2939516_1280-1024x750.jpg\" alt=\"\" class=\"wp-image-712\" style=\"aspect-ratio:3\/2;object-fit:cover\" srcset=\"https:\/\/tierschutzbiel.ch\/web\/wp-content\/uploads\/cat-2939516_1280-1024x750.jpg 1024w, https:\/\/tierschutzbiel.ch\/web\/wp-content\/uploads\/cat-2939516_1280-390x286.jpg 390w, https:\/\/tierschutzbiel.ch\/web\/wp-content\/uploads\/cat-2939516_1280-768x563.jpg 768w, https:\/\/tierschutzbiel.ch\/web\/wp-content\/uploads\/cat-2939516_1280.jpg 1088w\" sizes=\"auto, (max-width: 1024px) 100vw, 1024px\" \/><\/figure>\n\n\n\n<figure class=\"wp-block-image size-large bild_klein_1\"><img loading=\"lazy\" decoding=\"async\" width=\"1024\" height=\"682\" src=\"https:\/\/tierschutzbiel.ch\/web\/wp-content\/uploads\/cat-1692819_1280-1024x682.jpg\" alt=\"\" class=\"wp-image-713\" style=\"aspect-ratio:4\/3;object-fit:cover\" srcset=\"https:\/\/tierschutzbiel.ch\/web\/wp-content\/uploads\/cat-1692819_1280-1024x682.jpg 1024w, https:\/\/tierschutzbiel.ch\/web\/wp-content\/uploads\/cat-1692819_1280-390x260.jpg 390w, https:\/\/tierschutzbiel.ch\/web\/wp-content\/uploads\/cat-1692819_1280-768x512.jpg 768w, https:\/\/tierschutzbiel.ch\/web\/wp-content\/uploads\/cat-1692819_1280.jpg 1280w\" sizes=\"auto, (max-width: 1024px) 100vw, 1024px\" \/><\/figure>\n\n\n\n<figure class=\"wp-block-image size-large bild_klein_2\"><img loading=\"lazy\" decoding=\"async\" width=\"1024\" height=\"619\" src=\"https:\/\/tierschutzbiel.ch\/web\/wp-content\/uploads\/cat-2940137_1280-1024x619.jpg\" alt=\"\" class=\"wp-image-714\" style=\"aspect-ratio:4\/3;object-fit:cover\" srcset=\"https:\/\/tierschutzbiel.ch\/web\/wp-content\/uploads\/cat-2940137_1280-1024x619.jpg 1024w, https:\/\/tierschutzbiel.ch\/web\/wp-content\/uploads\/cat-2940137_1280-390x236.jpg 390w, https:\/\/tierschutzbiel.ch\/web\/wp-content\/uploads\/cat-2940137_1280-768x464.jpg 768w, https:\/\/tierschutzbiel.ch\/web\/wp-content\/uploads\/cat-2940137_1280.jpg 1280w\" sizes=\"auto, (max-width: 1024px) 100vw, 1024px\" \/><\/figure>\n<\/div><\/div>\n","protected":false},"excerpt":{"rendered":"<p>Un grand nombre de chats et chatons cherchent un nouveau logis et vous attendent au refuge Rosel. Nous vendons les jeunes chats pour Fr. 210.-. Ils sont tous contr\u00f4l\u00e9s par le v\u00e9t\u00e9rinaire, test\u00e9s contre la Leucose et vaccin\u00e9s au moins 1 fois. Ils ont une puce \u00e9lectronique et sont vermifug\u00e9s, ainsi que trait\u00e9s contre les [&hellip;]<\/p>\n","protected":false},"author":1,"featured_media":364,"parent":356,"menu_order":2,"comment_status":"closed","ping_status":"closed","template":"","meta":{"_acf_changed":false,"footnotes":""},"class_list":["post-361","page","type-page","status-publish","has-post-thumbnail","hentry"],"acf":[],"_links":{"self":[{"href":"https:\/\/tierschutzbiel.ch\/web\/wp-json\/wp\/v2\/pages\/361","targetHints":{"allow":["GET"]}}],"collection":[{"href":"https:\/\/tierschutzbiel.ch\/web\/wp-json\/wp\/v2\/pages"}],"about":[{"href":"https:\/\/tierschutzbiel.ch\/web\/wp-json\/wp\/v2\/types\/page"}],"author":[{"embeddable":true,"href":"https:\/\/tierschutzbiel.ch\/web\/wp-json\/wp\/v2\/users\/1"}],"replies":[{"embeddable":true,"href":"https:\/\/tierschutzbiel.ch\/web\/wp-json\/wp\/v2\/comments?post=361"}],"version-history":[{"count":1,"href":"https:\/\/tierschutzbiel.ch\/web\/wp-json\/wp\/v2\/pages\/361\/revisions"}],"predecessor-version":[{"id":725,"href":"https:\/\/tierschutzbiel.ch\/web\/wp-json\/wp\/v2\/pages\/361\/revisions\/725"}],"up":[{"embeddable":true,"href":"https:\/\/tierschutzbiel.ch\/web\/wp-json\/wp\/v2\/pages\/356"}],"wp:featuredmedia":[{"embeddable":true,"href":"https:\/\/tierschutzbiel.ch\/web\/wp-json\/wp\/v2\/media\/364"}],"wp:attachment":[{"href":"https:\/\/tierschutzbiel.ch\/web\/wp-json\/wp\/v2\/media?parent=361"}],"curies":[{"name":"wp","href":"https:\/\/api.w.org\/{rel}","templated":true}]}}