{"id":362,"date":"2025-12-16T14:22:25","date_gmt":"2025-12-16T14:22:25","guid":{"rendered":"https:\/\/tierschutzbiel.ch\/web\/placement\/paradis-recherches\/kleintiere\/"},"modified":"2025-12-18T10:15:51","modified_gmt":"2025-12-18T10:15:51","slug":"kleintiere","status":"publish","type":"page","link":"https:\/\/tierschutzbiel.ch\/web\/placement\/kleintiere\/?lang=fr","title":{"rendered":"Petits animaux"},"content":{"rendered":"\n<p>Nous avons aussi des lapins, des cochons d\u2019Inde et d\u2019autres petits animaux&nbsp;\u00e0 placer. N\u2019h\u00e9sitez pas, venez au refuge&nbsp;!<\/p>\n\n\n\n<p>Nous vendons les lapins, les cochons d\u2019Inde et les autres petits animaux au prix de Fr. 60.- non castr\u00e9s et Fr. 90.- castr\u00e9s.<\/p>\n\n\n\n<p><strong>Les photographies des animaux sur notre site ne sont que des exemples, ils ne sont pas \u00e0 adopter.<\/strong><\/p>\n\n\n\n<p>Afin de continuer \u00e0 g\u00e9rer notre quotidien de mani\u00e8re ad\u00e9quate, notre refuge ne peut \u00eatre visit\u00e9 que sur rendez-vous. Nous vous demandons donc de prendre rendez-vous durant nos heures d\u2019ouverture.<\/p>\n\n\n\n<div class=\"wp-block-group bildertrio\"><div class=\"wp-block-group__inner-container is-layout-constrained wp-block-group-is-layout-constrained\">\n<figure class=\"wp-block-image size-large bild_gross\"><img loading=\"lazy\" decoding=\"async\" width=\"1024\" height=\"681\" src=\"https:\/\/tierschutzbiel.ch\/web\/wp-content\/uploads\/rabbit-1312594_1280-1024x681.jpg\" alt=\"\" class=\"wp-image-730\" style=\"aspect-ratio:3\/2;object-fit:cover\" srcset=\"https:\/\/tierschutzbiel.ch\/web\/wp-content\/uploads\/rabbit-1312594_1280-1024x681.jpg 1024w, https:\/\/tierschutzbiel.ch\/web\/wp-content\/uploads\/rabbit-1312594_1280-390x259.jpg 390w, https:\/\/tierschutzbiel.ch\/web\/wp-content\/uploads\/rabbit-1312594_1280-768x511.jpg 768w, https:\/\/tierschutzbiel.ch\/web\/wp-content\/uploads\/rabbit-1312594_1280.jpg 1280w\" sizes=\"auto, (max-width: 1024px) 100vw, 1024px\" \/><\/figure>\n\n\n\n<figure class=\"wp-block-image size-full bild_klein_1\"><img loading=\"lazy\" decoding=\"async\" width=\"565\" height=\"426\" src=\"https:\/\/tierschutzbiel.ch\/web\/wp-content\/uploads\/guinea-pig-208438_640-1.jpg\" alt=\"\" class=\"wp-image-731\" style=\"aspect-ratio:4\/3;object-fit:cover\" srcset=\"https:\/\/tierschutzbiel.ch\/web\/wp-content\/uploads\/guinea-pig-208438_640-1.jpg 565w, https:\/\/tierschutzbiel.ch\/web\/wp-content\/uploads\/guinea-pig-208438_640-1-390x294.jpg 390w\" sizes=\"auto, (max-width: 565px) 100vw, 565px\" \/><\/figure>\n\n\n\n<figure class=\"wp-block-image size-large bild_klein_2\"><img loading=\"lazy\" decoding=\"async\" width=\"1024\" height=\"682\" src=\"https:\/\/tierschutzbiel.ch\/web\/wp-content\/uploads\/rabbit-2427841_1280-1024x682.jpg\" alt=\"\" class=\"wp-image-732\" style=\"aspect-ratio:4\/3;object-fit:cover\" srcset=\"https:\/\/tierschutzbiel.ch\/web\/wp-content\/uploads\/rabbit-2427841_1280-1024x682.jpg 1024w, https:\/\/tierschutzbiel.ch\/web\/wp-content\/uploads\/rabbit-2427841_1280-390x260.jpg 390w, https:\/\/tierschutzbiel.ch\/web\/wp-content\/uploads\/rabbit-2427841_1280-768x512.jpg 768w, https:\/\/tierschutzbiel.ch\/web\/wp-content\/uploads\/rabbit-2427841_1280.jpg 1280w\" sizes=\"auto, (max-width: 1024px) 100vw, 1024px\" \/><\/figure>\n<\/div><\/div>\n","protected":false},"excerpt":{"rendered":"<p>Nous avons aussi des lapins, des cochons d\u2019Inde et d\u2019autres petits animaux&nbsp;\u00e0 placer. N\u2019h\u00e9sitez pas, venez au refuge&nbsp;! Nous vendons les lapins, les cochons d\u2019Inde et les autres petits animaux au prix de Fr. 60.- non castr\u00e9s et Fr. 90.- castr\u00e9s. Les photographies des animaux sur notre site ne sont que des exemples, ils ne [&hellip;]<\/p>\n","protected":false},"author":1,"featured_media":932,"parent":356,"menu_order":3,"comment_status":"closed","ping_status":"closed","template":"","meta":{"_acf_changed":false,"footnotes":""},"class_list":["post-362","page","type-page","status-publish","has-post-thumbnail","hentry"],"acf":[],"_links":{"self":[{"href":"https:\/\/tierschutzbiel.ch\/web\/wp-json\/wp\/v2\/pages\/362","targetHints":{"allow":["GET"]}}],"collection":[{"href":"https:\/\/tierschutzbiel.ch\/web\/wp-json\/wp\/v2\/pages"}],"about":[{"href":"https:\/\/tierschutzbiel.ch\/web\/wp-json\/wp\/v2\/types\/page"}],"author":[{"embeddable":true,"href":"https:\/\/tierschutzbiel.ch\/web\/wp-json\/wp\/v2\/users\/1"}],"replies":[{"embeddable":true,"href":"https:\/\/tierschutzbiel.ch\/web\/wp-json\/wp\/v2\/comments?post=362"}],"version-history":[{"count":2,"href":"https:\/\/tierschutzbiel.ch\/web\/wp-json\/wp\/v2\/pages\/362\/revisions"}],"predecessor-version":[{"id":737,"href":"https:\/\/tierschutzbiel.ch\/web\/wp-json\/wp\/v2\/pages\/362\/revisions\/737"}],"up":[{"embeddable":true,"href":"https:\/\/tierschutzbiel.ch\/web\/wp-json\/wp\/v2\/pages\/356"}],"wp:featuredmedia":[{"embeddable":true,"href":"https:\/\/tierschutzbiel.ch\/web\/wp-json\/wp\/v2\/media\/932"}],"wp:attachment":[{"href":"https:\/\/tierschutzbiel.ch\/web\/wp-json\/wp\/v2\/media?parent=362"}],"curies":[{"name":"wp","href":"https:\/\/api.w.org\/{rel}","templated":true}]}}