{"id":363,"date":"2025-11-26T16:11:58","date_gmt":"2025-11-26T16:11:58","guid":{"rendered":"https:\/\/tierschutzbiel.ch\/web\/placement\/nos-soucis\/"},"modified":"2026-05-06T05:21:35","modified_gmt":"2026-05-06T05:21:35","slug":"placement-externe","status":"publish","type":"page","link":"https:\/\/tierschutzbiel.ch\/web\/placement\/placement-externe\/?lang=fr","title":{"rendered":"Placement externe"},"content":{"rendered":"\n<p>Nous pr\u00e9sentons ici des chiens qui attendent un nouveau foyer en dehors de notre refuge &#8222;Rosel&#8220;. Vous trouverez les coordonn\u00e9es et le lieu de s\u00e9jour de chaque animal directement dans les annonces respectives.<\/p>\n\n\n\n<p>Veuillez noter que toute demande de renseignement doit \u00eatre adress\u00e9e exclusivement aux contacts indiqu\u00e9s dans l&#8217;annonce.<\/p>\n","protected":false},"excerpt":{"rendered":"<p>Nous pr\u00e9sentons ici des chiens qui attendent un nouveau foyer en dehors de notre refuge &#8222;Rosel&#8220;. Vous trouverez les coordonn\u00e9es et le lieu de s\u00e9jour de chaque animal directement dans les annonces respectives. Veuillez noter que toute demande de renseignement doit \u00eatre adress\u00e9e exclusivement aux contacts indiqu\u00e9s dans l&#8217;annonce.<\/p>\n","protected":false},"author":1,"featured_media":365,"parent":356,"menu_order":4,"comment_status":"closed","ping_status":"closed","template":"","meta":{"_acf_changed":false,"footnotes":""},"class_list":["post-363","page","type-page","status-publish","has-post-thumbnail","hentry"],"acf":[],"_links":{"self":[{"href":"https:\/\/tierschutzbiel.ch\/web\/wp-json\/wp\/v2\/pages\/363","targetHints":{"allow":["GET"]}}],"collection":[{"href":"https:\/\/tierschutzbiel.ch\/web\/wp-json\/wp\/v2\/pages"}],"about":[{"href":"https:\/\/tierschutzbiel.ch\/web\/wp-json\/wp\/v2\/types\/page"}],"author":[{"embeddable":true,"href":"https:\/\/tierschutzbiel.ch\/web\/wp-json\/wp\/v2\/users\/1"}],"replies":[{"embeddable":true,"href":"https:\/\/tierschutzbiel.ch\/web\/wp-json\/wp\/v2\/comments?post=363"}],"version-history":[{"count":3,"href":"https:\/\/tierschutzbiel.ch\/web\/wp-json\/wp\/v2\/pages\/363\/revisions"}],"predecessor-version":[{"id":1209,"href":"https:\/\/tierschutzbiel.ch\/web\/wp-json\/wp\/v2\/pages\/363\/revisions\/1209"}],"up":[{"embeddable":true,"href":"https:\/\/tierschutzbiel.ch\/web\/wp-json\/wp\/v2\/pages\/356"}],"wp:featuredmedia":[{"embeddable":true,"href":"https:\/\/tierschutzbiel.ch\/web\/wp-json\/wp\/v2\/media\/365"}],"wp:attachment":[{"href":"https:\/\/tierschutzbiel.ch\/web\/wp-json\/wp\/v2\/media?parent=363"}],"curies":[{"name":"wp","href":"https:\/\/api.w.org\/{rel}","templated":true}]}}