{"id":398,"date":"2025-11-26T16:13:30","date_gmt":"2025-11-26T16:13:30","guid":{"rendered":"https:\/\/tierschutzbiel.ch\/web\/actuel\/magazine-du-refuge\/"},"modified":"2025-12-18T15:11:17","modified_gmt":"2025-12-18T15:11:17","slug":"magazine-du-refuge","status":"publish","type":"page","link":"https:\/\/tierschutzbiel.ch\/web\/actuel\/magazine-du-refuge\/?lang=fr","title":{"rendered":"Magazine du refuge"},"content":{"rendered":"\n<p>Ici vous pouvez consulter les derniers magazines du refuge \u2013 bonne lecture!<\/p>\n\n\n\n<h4 class=\"wp-block-heading\">Nr. 43<\/h4>\n\n\n\n<p>Juillet 2025:&nbsp;<a href=\"https:\/\/tierschutzbiel.ch\/web\/wp-content\/uploads\/Tierheimpoeschtli_43_web.pdf\" target=\"_blank\" rel=\"noreferrer noopener\">Tierheim P\u00f6schtli Nr. 43<\/a><\/p>\n\n\n\n<h4 class=\"wp-block-heading\">Nr. 42<\/h4>\n\n\n\n<p>November 2024:&nbsp;<a href=\"https:\/\/tierschutzbiel.ch\/web\/wp-content\/uploads\/Tierheimpoeschtli_42_web.pdf\" target=\"_blank\" rel=\"noreferrer noopener\">Tierheim P\u00f6schtli Nr. 42<\/a><\/p>\n\n\n\n<h4 class=\"wp-block-heading\">Nr. 41<\/h4>\n\n\n\n<p>Ao\u00fbt 2024:&nbsp;<a href=\"https:\/\/tierschutzbiel.ch\/web\/wp-content\/uploads\/Tierheimpoeschtli-Nr.-41.pdf\" target=\"_blank\" rel=\"noreferrer noopener\">Tierheim P\u00f6schtli Nr. 41<\/a><\/p>\n\n\n\n<h4 class=\"wp-block-heading\">Nr. 40<\/h4>\n\n\n\n<p>D\u00e9cembre 2023:&nbsp;<a href=\"https:\/\/tierschutzbiel.ch\/web\/wp-content\/uploads\/Tierheim-Poeschtli-Nr.-40.pdf\" target=\"_blank\" rel=\"noreferrer noopener\">Tierheim P\u00f6schtli Nr. 40<\/a><\/p>\n\n\n\n<h4 class=\"wp-block-heading\">Nr. 39<\/h4>\n\n\n\n<p>Ao\u00fbt 2023:&nbsp;<a href=\"https:\/\/tierschutzbiel.ch\/web\/wp-content\/uploads\/Tierheim-Poeschtli-Nr.-39-1.pdf\" target=\"_blank\" rel=\"noreferrer noopener\">Tierheim P\u00f6schtli Nr. 39<\/a><\/p>\n\n\n\n<h4 class=\"wp-block-heading\">Nr. 38<\/h4>\n\n\n\n<p>D\u00e9cembre 2022:&nbsp;<a href=\"https:\/\/tierschutzbiel.ch\/web\/wp-content\/uploads\/Tierheim-Poeschtli-Nr.-38.pdf\" target=\"_blank\" rel=\"noreferrer noopener\">Tierheim P\u00f6schtli Nr. 38<\/a><\/p>\n\n\n\n<h4 class=\"wp-block-heading\">Nr. 37<\/h4>\n\n\n\n<p>Ao\u00fbt 2022:&nbsp;<a href=\"https:\/\/tierschutzbiel.ch\/web\/wp-content\/uploads\/Tierheim-Poeschtli-Nr.-37.pdf\" target=\"_blank\" rel=\"noreferrer noopener\">Tierheim P\u00f6schtli Nr. 37<\/a><\/p>\n\n\n\n<h4 class=\"wp-block-heading\">Nr. 36<\/h4>\n\n\n\n<p>D\u00e9cembre 2021:&nbsp;<a href=\"https:\/\/tierschutzbiel.ch\/web\/wp-content\/uploads\/Tierheim-Poeschtli-Nr.-36.pdf\">Tierheim P\u00f6schtli Nr. 36<\/a><\/p>\n\n\n\n<h4 class=\"wp-block-heading\">Nr. 35<\/h4>\n\n\n\n<p>Juillet 2021:&nbsp;<a href=\"https:\/\/tierschutzbiel.ch\/web\/wp-content\/uploads\/Tierschutzverein_Poeschtli_Nr35_web.pdf\" target=\"_blank\" rel=\"noreferrer noopener\">Tierheim P\u00f6schtli 35<\/a><\/p>\n\n\n\n<h4 class=\"wp-block-heading\">Nr. 34<\/h4>\n\n\n\n<p>D\u00e9cembre 2020:&nbsp;<a href=\"https:\/\/tierschutzbiel.ch\/web\/wp-content\/uploads\/Tierschutzverein_Poeschtli_Nr34_web.pdf\" target=\"_blank\" rel=\"noreferrer noopener\">Tierheim P\u00f6schtli 34<\/a><\/p>\n\n\n\n<h4 class=\"wp-block-heading\">Nr. 33<\/h4>\n\n\n\n<p>Juin 2020:&nbsp;<a href=\"https:\/\/tierschutzbiel.ch\/web\/wp-content\/uploads\/Tierschutzverein_Poeschtli_Nr33_web.pdf\" target=\"_blank\" rel=\"noreferrer noopener\">Tierheim P\u00f6schtli 33<\/a><\/p>\n\n\n\n<h4 class=\"wp-block-heading\">Nr. 32<\/h4>\n\n\n\n<p>D\u00e9cembre 2020:&nbsp;<a href=\"https:\/\/tierschutzbiel.ch\/web\/wp-content\/uploads\/Tierschutzverein_Poeschtli_Nr32_web.pdf\" target=\"_blank\" rel=\"noreferrer noopener\">Tierheim P\u00f6schtli 32<\/a><\/p>\n\n\n\n<h4 class=\"wp-block-heading\">Nr. 31<\/h4>\n\n\n\n<p>Juin 2019:&nbsp;<a href=\"https:\/\/tierschutzbiel.ch\/web\/wp-content\/uploads\/Tierschutzverein_Poeschtli_Nr31_Juni_web.pdf\" target=\"_blank\" rel=\"noreferrer noopener\">Tierheim P\u00f6schtli 31<\/a><\/p>\n\n\n\n<h4 class=\"wp-block-heading\">Nr. 30<\/h4>\n\n\n\n<p>D\u00e9cembre 2018:&nbsp;<a href=\"https:\/\/tierschutzbiel.ch\/web\/wp-content\/uploads\/Tierschutzverein_Poeschtli_Nr30_Dezember_web.pdf\" target=\"_blank\" rel=\"noreferrer noopener\">Tierheim P\u00f6schtli 30<\/a><\/p>\n\n\n\n<h4 class=\"wp-block-heading\">Nr. 29<\/h4>\n\n\n\n<p>Juin 2018:&nbsp;<a href=\"https:\/\/tierschutzbiel.ch\/web\/wp-content\/uploads\/Tierschutzverein_Poeschtli_9-5-18_LR.pdf\" target=\"_blank\" rel=\"noreferrer noopener\">Tierheim-P\u00f6schtli 29<\/a><\/p>\n\n\n\n<h4 class=\"wp-block-heading\">Nr. 28<\/h4>\n\n\n\n<p>D\u00e9cembre 2017:&nbsp;<a href=\"https:\/\/tierschutzbiel.ch\/web\/wp-content\/uploads\/Tierheimpoeschtli_Dezember2017.pdf\" target=\"_blank\" rel=\"noreferrer noopener\">Tierheim P\u00f6schtli 28<\/a><\/p>\n","protected":false},"excerpt":{"rendered":"<p>Ici vous pouvez consulter les derniers magazines du refuge \u2013 bonne lecture! Nr. 43 Juillet 2025:&nbsp;Tierheim P\u00f6schtli Nr. 43 Nr. 42 November 2024:&nbsp;Tierheim P\u00f6schtli Nr. 42 Nr. 41 Ao\u00fbt 2024:&nbsp;Tierheim P\u00f6schtli Nr. 41 Nr. 40 D\u00e9cembre 2023:&nbsp;Tierheim P\u00f6schtli Nr. 40 Nr. 39 Ao\u00fbt 2023:&nbsp;Tierheim P\u00f6schtli Nr. 39 Nr. 38 D\u00e9cembre 2022:&nbsp;Tierheim P\u00f6schtli Nr. 38 Nr. [&hellip;]<\/p>\n","protected":false},"author":1,"featured_media":397,"parent":383,"menu_order":2,"comment_status":"closed","ping_status":"closed","template":"","meta":{"_acf_changed":false,"footnotes":""},"class_list":["post-398","page","type-page","status-publish","has-post-thumbnail","hentry"],"acf":[],"_links":{"self":[{"href":"https:\/\/tierschutzbiel.ch\/web\/wp-json\/wp\/v2\/pages\/398","targetHints":{"allow":["GET"]}}],"collection":[{"href":"https:\/\/tierschutzbiel.ch\/web\/wp-json\/wp\/v2\/pages"}],"about":[{"href":"https:\/\/tierschutzbiel.ch\/web\/wp-json\/wp\/v2\/types\/page"}],"author":[{"embeddable":true,"href":"https:\/\/tierschutzbiel.ch\/web\/wp-json\/wp\/v2\/users\/1"}],"replies":[{"embeddable":true,"href":"https:\/\/tierschutzbiel.ch\/web\/wp-json\/wp\/v2\/comments?post=398"}],"version-history":[{"count":1,"href":"https:\/\/tierschutzbiel.ch\/web\/wp-json\/wp\/v2\/pages\/398\/revisions"}],"predecessor-version":[{"id":845,"href":"https:\/\/tierschutzbiel.ch\/web\/wp-json\/wp\/v2\/pages\/398\/revisions\/845"}],"up":[{"embeddable":true,"href":"https:\/\/tierschutzbiel.ch\/web\/wp-json\/wp\/v2\/pages\/383"}],"wp:featuredmedia":[{"embeddable":true,"href":"https:\/\/tierschutzbiel.ch\/web\/wp-json\/wp\/v2\/media\/397"}],"wp:attachment":[{"href":"https:\/\/tierschutzbiel.ch\/web\/wp-json\/wp\/v2\/media?parent=398"}],"curies":[{"name":"wp","href":"https:\/\/api.w.org\/{rel}","templated":true}]}}